{"id":545,"date":"2020-04-30T08:36:06","date_gmt":"2020-04-30T08:36:06","guid":{"rendered":"https:\/\/clinicadentaldralier.es\/protesis-dental\/"},"modified":"2020-07-19T19:32:51","modified_gmt":"2020-07-19T19:32:51","slug":"protesi-dental","status":"publish","type":"page","link":"https:\/\/clinicadentaldralier.es\/ca\/tractaments-dentals\/protesi-dental\/","title":{"rendered":"Pr\u00f2tesi dental a Deltebre"},"content":{"rendered":"<p><div class=\"fusion-fullwidth fullwidth-box fusion-builder-row-1 nonhundred-percent-fullwidth non-hundred-percent-height-scrolling fusion-equal-height-columns\" style=\"--awb-border-radius-top-left:0px;--awb-border-radius-top-right:0px;--awb-border-radius-bottom-right:0px;--awb-border-radius-bottom-left:0px;--awb-background-color:#e6eef1;--awb-flex-wrap:wrap;\" ><div class=\"fusion-builder-row fusion-row\"><div class=\"fusion-layout-column fusion_builder_column fusion-builder-column-0 fusion_builder_column_1_2 1_2 fusion-one-half fusion-column-first\" style=\"--awb-bg-size:cover;width:50%;width:calc(50% - ( ( 4% ) * 0.5 ) );margin-right: 4%;\"><div class=\"fusion-column-wrapper fusion-column-has-shadow fusion-flex-column-wrapper-legacy\"><div class=\"fusion-image-element fusion-image-align-center in-legacy-container\" style=\"text-align:center;--awb-max-width:585px;--awb-caption-title-font-family:var(--h2_typography-font-family);--awb-caption-title-font-weight:var(--h2_typography-font-weight);--awb-caption-title-font-style:var(--h2_typography-font-style);--awb-caption-title-size:var(--h2_typography-font-size);--awb-caption-title-transform:var(--h2_typography-text-transform);--awb-caption-title-line-height:var(--h2_typography-line-height);--awb-caption-title-letter-spacing:var(--h2_typography-letter-spacing);\"><div class=\"imageframe-align-center\"><span class=\" fusion-imageframe imageframe-none imageframe-1 hover-type-none\"><img decoding=\"async\" width=\"900\" height=\"599\" title=\"Close-up portrait of a smiling woman on the street. Happy woman&#8217;s face closeup, outdoors. Happy businesswoman in a light jacket looks at the camera. Urban portrait of a beautiful blonde woman.\" src=\"https:\/\/clinicadentaldralier.es\/wp-content\/uploads\/2020\/06\/PROTESIS1.jpg\" alt class=\"img-responsive wp-image-548\" srcset=\"https:\/\/clinicadentaldralier.es\/wp-content\/uploads\/2020\/06\/PROTESIS1-200x133.jpg 200w, https:\/\/clinicadentaldralier.es\/wp-content\/uploads\/2020\/06\/PROTESIS1-400x266.jpg 400w, https:\/\/clinicadentaldralier.es\/wp-content\/uploads\/2020\/06\/PROTESIS1-600x399.jpg 600w, https:\/\/clinicadentaldralier.es\/wp-content\/uploads\/2020\/06\/PROTESIS1-800x532.jpg 800w, https:\/\/clinicadentaldralier.es\/wp-content\/uploads\/2020\/06\/PROTESIS1.jpg 900w\" sizes=\"(max-width: 800px) 100vw, 600px\" \/><\/span><\/div><\/div><div class=\"fusion-clearfix\"><\/div><\/div><\/div><div class=\"fusion-layout-column fusion_builder_column fusion-builder-column-1 fusion_builder_column_1_2 1_2 fusion-one-half fusion-column-last\" style=\"--awb-bg-size:cover;width:50%;width:calc(50% - ( ( 4% ) * 0.5 ) );\"><div class=\"fusion-column-wrapper fusion-column-has-shadow fusion-flex-column-wrapper-legacy\"><div class=\"fusion-column-content-centered\"><div class=\"fusion-column-content\"><div class=\"fusion-text fusion-text-1\"><h2>Qu\u00e8 \u00e9s una pr\u00f2tesi dental?<\/h2>\n<p>\u00c9s un tractament per a reempla\u00e7ar les dents que s&#8217;han perdut a conseq\u00fc\u00e8ncia d&#8217;una c\u00e0ries, periodontitis, traumatismes, etc. Amb una pr\u00f2tesi dental, fixa o amovible, es pot restaurar la funci\u00f3 masticat\u00f2ria, la fon\u00e8tica i l&#8217;est\u00e8tica.<\/p>\n<p>Quan hem perdut un o diverses dents podem substituir-los b\u00e0sicament amb 2 tipus de pr\u00f2tesis: amovibles i fixes.<\/p>\n<p>Les amovibles s\u00f3n la pr\u00f2tesi de tota la vida de posar i treure, i les fixes poden ser sobre dents o sobre implantis, tot i que tamb\u00e9 hi ha amovibles sobre implants.<\/p>\n<\/div><div class=\"fusion-button-wrapper\"><a class=\"fusion-button button-flat fusion-button-default-size button-default fusion-button-default button-1 fusion-button-default-span fusion-button-default-type\" target=\"_self\" href=\"#cita\"><span class=\"fusion-button-text\">DEMANAR CITA<\/span><\/a><\/div><\/div><\/div><div class=\"fusion-clearfix\"><\/div><\/div><\/div><\/div><\/div><div class=\"fusion-fullwidth fullwidth-box fusion-builder-row-2 nonhundred-percent-fullwidth non-hundred-percent-height-scrolling\" style=\"--awb-border-radius-top-left:0px;--awb-border-radius-top-right:0px;--awb-border-radius-bottom-right:0px;--awb-border-radius-bottom-left:0px;--awb-padding-top:30px;--awb-padding-bottom:40px;--awb-background-color:#e6eef1;--awb-flex-wrap:wrap;\" ><div class=\"fusion-builder-row fusion-row\"><div class=\"fusion-layout-column fusion_builder_column fusion-builder-column-2 fusion_builder_column_1_3 1_3 fusion-one-third fusion-column-first\" style=\"--awb-padding-top:20px;--awb-padding-right:15px;--awb-padding-bottom:10px;--awb-padding-left:15px;--awb-overflow:hidden;--awb-bg-size:cover;--awb-border-color:#ffffff;--awb-border-top:8px;--awb-border-right:8px;--awb-border-bottom:8px;--awb-border-left:8px;--awb-border-style:solid;--awb-border-radius:5px 5px 5px 5px;--awb-margin-bottom:0px;width:33.333333333333%;width:calc(33.333333333333% - ( ( 4% ) * 0.33333333333333 ) );margin-right: 4%;\"><div class=\"fusion-column-wrapper fusion-column-has-shadow fusion-flex-column-wrapper-legacy\"><div class=\"fusion-column-content-centered\"><div class=\"fusion-column-content\"><div class=\"fusion-text fusion-text-2\"><p style=\"text-align: center;\"><span style=\"font-size: 17px;\"><strong>En la Cl\u00ednica Dental del Dr. Jos\u00e9 Mar\u00eda Alier utilitzem diferents materials (metall-cer\u00e0mica, metall-resina, aix\u00ed com diferents tipus de cer\u00e0miques i zirconi) per adaptar-nos a les necessitats de cada pacient. Si has perdut una o diverses peces dentals, visita&#8217;ns i deixa que el nostre especialista t&#8217;indiqui quina \u00e9s la millor opci\u00f3 per al teu cas. <\/strong><\/span><\/p>\n<\/div><\/div><\/div><div class=\"fusion-clearfix\"><\/div><\/div><\/div><div class=\"fusion-layout-column fusion_builder_column fusion-builder-column-3 fusion_builder_column_2_3 2_3 fusion-two-third fusion-column-last\" style=\"--awb-bg-size:cover;--awb-margin-bottom:0px;width:66.666666666667%;width:calc(66.666666666667% - ( ( 4% ) * 0.66666666666667 ) );\"><div class=\"fusion-column-wrapper fusion-column-has-shadow fusion-flex-column-wrapper-legacy\"><div class=\"fusion-tabs fusion-tabs-1 clean vertical-tabs icon-position-left mobile-mode-accordion\" style=\"--awb-title-border-radius-top-left:0px;--awb-title-border-radius-top-right:0px;--awb-title-border-radius-bottom-right:0px;--awb-title-border-radius-bottom-left:0px;--awb-inactive-color:#ebeaea;--awb-background-color:#ffffff;--awb-border-color:#ebeaea;--awb-active-border-color:#00c8d6;\"><div class=\"nav\"><ul class=\"nav-tabs\" role=\"tablist\"><li class=\"active\" role=\"presentation\"><a class=\"tab-link\" data-toggle=\"tab\" role=\"tab\" aria-controls=\"tab-81f097a8a4529941531\" aria-selected=\"true\" id=\"fusion-tab-protesisamovibles\" href=\"#tab-81f097a8a4529941531\"><h4 class=\"fusion-tab-heading\">PROTESIS AMOVIBLES<\/h4><\/a><\/li><li role=\"presentation\"><a class=\"tab-link\" data-toggle=\"tab\" role=\"tab\" aria-controls=\"tab-5ffe350db8e94e765ed\" aria-selected=\"false\" tabindex=\"-1\" id=\"fusion-tab-protesifixasobredents-coronesiponts\" href=\"#tab-5ffe350db8e94e765ed\"><h4 class=\"fusion-tab-heading\">PROTESI FIXA SOBRE DENTS - CORONES I PONTS<\/h4><\/a><\/li><li role=\"presentation\"><a class=\"tab-link\" data-toggle=\"tab\" role=\"tab\" aria-controls=\"tab-1ab72003a3538839836\" aria-selected=\"false\" tabindex=\"-1\" id=\"fusion-tab-pr\u00d2tesisobreimplants\" href=\"#tab-1ab72003a3538839836\"><h4 class=\"fusion-tab-heading\">PR\u00d2TESI SOBRE IMPLANTS<\/h4><\/a><\/li><\/ul><\/div><div class=\"tab-content\"><div class=\"nav fusion-mobile-tab-nav\"><ul class=\"nav-tabs\" role=\"tablist\"><li class=\"active\" role=\"presentation\"><a class=\"tab-link\" data-toggle=\"tab\" role=\"tab\" aria-controls=\"tab-81f097a8a4529941531\" aria-selected=\"true\" id=\"mobile-fusion-tab-protesisamovibles\" href=\"#tab-81f097a8a4529941531\"><h4 class=\"fusion-tab-heading\">PROTESIS AMOVIBLES<\/h4><\/a><\/li><\/ul><\/div><div class=\"tab-pane fade fusion-clearfix in active\" role=\"tabpanel\" tabindex=\"0\" aria-labelledby=\"fusion-tab-protesisamovibles\" id=\"tab-81f097a8a4529941531\">\n<p><strong>Amovibles:<\/strong> el pacient la hi pot llevar per a realitzar la higiene di\u00e0ria. Poden ser des de dentadures parcials fins a dentadures complertes.<\/p>\n<\/div><div class=\"nav fusion-mobile-tab-nav\"><ul class=\"nav-tabs\" role=\"tablist\"><li role=\"presentation\"><a class=\"tab-link\" data-toggle=\"tab\" role=\"tab\" aria-controls=\"tab-5ffe350db8e94e765ed\" aria-selected=\"false\" tabindex=\"-1\" id=\"mobile-fusion-tab-protesifixasobredents-coronesiponts\" href=\"#tab-5ffe350db8e94e765ed\"><h4 class=\"fusion-tab-heading\">PROTESI FIXA SOBRE DENTS - CORONES I PONTS<\/h4><\/a><\/li><\/ul><\/div><div class=\"tab-pane fade fusion-clearfix\" role=\"tabpanel\" tabindex=\"0\" aria-labelledby=\"fusion-tab-protesifixasobredents-coronesiponts\" id=\"tab-5ffe350db8e94e765ed\">\n<p><strong>Pr\u00f2tesi fixa:<\/strong> s\u00f3n les que \u00fanicament es recolzen sobre les dents i una vegada cimentades ja no es lleven. Pot ser des d&#8217;una corona individual fins a un pont de diverses peces, segons les dents que faltin, fins i tot una rehabilitaci\u00f3 de tota la boca.<\/p>\n<\/div><div class=\"nav fusion-mobile-tab-nav\"><ul class=\"nav-tabs\" role=\"tablist\"><li role=\"presentation\"><a class=\"tab-link\" data-toggle=\"tab\" role=\"tab\" aria-controls=\"tab-1ab72003a3538839836\" aria-selected=\"false\" tabindex=\"-1\" id=\"mobile-fusion-tab-pr\u00d2tesisobreimplants\" href=\"#tab-1ab72003a3538839836\"><h4 class=\"fusion-tab-heading\">PR\u00d2TESI SOBRE IMPLANTS<\/h4><\/a><\/li><\/ul><\/div><div class=\"tab-pane fade fusion-clearfix\" role=\"tabpanel\" tabindex=\"0\" aria-labelledby=\"fusion-tab-pr\u00d2tesisobreimplants\" id=\"tab-1ab72003a3538839836\">\n<p>Poden ser individuals, parcials (ponts) o fins i tot rehabilitacions totals. Poden ser fixes, la majoria, per\u00f2 tamb\u00e9 poden ser amovibles, anomenades sobredentadures.<\/p>\n<p><strong>Pots triar entre diferents materials:<\/strong> metall resina, metall-cer\u00e0mica, cer\u00e0mica i zirconi.<\/p>\n<\/div><\/div><\/div><div class=\"fusion-clearfix\"><\/div><\/div><\/div><\/div><\/div><div class=\"fusion-fullwidth fullwidth-box fusion-builder-row-3 nonhundred-percent-fullwidth non-hundred-percent-height-scrolling fusion-equal-height-columns\" style=\"--awb-border-radius-top-left:0px;--awb-border-radius-top-right:0px;--awb-border-radius-bottom-right:0px;--awb-border-radius-bottom-left:0px;--awb-padding-top:40px;--awb-padding-bottom:20px;--awb-background-color:#00c8d6;--awb-flex-wrap:wrap;\" id=\"cita\" ><div class=\"fusion-builder-row fusion-row\"><div class=\"fusion-layout-column fusion_builder_column fusion-builder-column-4 fusion_builder_column_1_2 1_2 fusion-one-half fusion-column-first\" style=\"--awb-bg-size:cover;width:50%;width:calc(50% - ( ( 4% ) * 0.5 ) );margin-right: 4%;\"><div class=\"fusion-column-wrapper fusion-column-has-shadow fusion-flex-column-wrapper-legacy\"><div class=\"fusion-column-content-centered\"><div class=\"fusion-column-content\"><div class=\"fusion-text fusion-text-3\"><h2><span style=\"color: #ffffff;\">Si est\u00e0s interessat en pr\u00f2tesis dentals a Deltebre, demana la teva cita i visita la nostra cl\u00ednica dental<\/span><\/h2>\n<\/div><\/div><\/div><div class=\"fusion-clearfix\"><\/div><\/div><\/div><div class=\"fusion-layout-column fusion_builder_column fusion-builder-column-5 fusion_builder_column_1_2 1_2 fusion-one-half fusion-column-last\" style=\"--awb-padding-top:30px;--awb-padding-right:30px;--awb-padding-bottom:10px;--awb-padding-left:30px;--awb-overflow:hidden;--awb-bg-color:#009faa;--awb-bg-color-hover:#009faa;--awb-bg-size:cover;--awb-border-radius:10px 10px 10px 10px;width:50%;width:calc(50% - ( ( 4% ) * 0.5 ) );\"><div class=\"fusion-column-wrapper fusion-column-has-shadow fusion-flex-column-wrapper-legacy\">\n<div class=\"wpcf7 no-js\" id=\"wpcf7-f470-o1\" lang=\"es-ES\" dir=\"ltr\" data-wpcf7-id=\"470\">\n<div class=\"screen-reader-response\"><p role=\"status\" aria-live=\"polite\" aria-atomic=\"true\"><\/p> <ul><\/ul><\/div>\n<form action=\"\/ca\/wp-json\/wp\/v2\/pages\/545#wpcf7-f470-o1\" method=\"post\" class=\"wpcf7-form init\" aria-label=\"Formulario de contacto\" novalidate=\"novalidate\" data-status=\"init\">\n<div style=\"display: none;\">\n<input type=\"hidden\" name=\"_wpcf7\" value=\"470\" \/>\n<input type=\"hidden\" name=\"_wpcf7_version\" value=\"6.0.2\" \/>\n<input type=\"hidden\" name=\"_wpcf7_locale\" value=\"es_ES\" \/>\n<input type=\"hidden\" name=\"_wpcf7_unit_tag\" value=\"wpcf7-f470-o1\" \/>\n<input type=\"hidden\" name=\"_wpcf7_container_post\" value=\"0\" \/>\n<input type=\"hidden\" name=\"_wpcf7_posted_data_hash\" value=\"\" \/>\n<\/div>\n<input type=\"hidden\" autocomplete=\"off\" autocorrect=\"off\" name=\"AqAD-M-tx-v-dio-dO\" value=\"\" \/><div class=\"fusion-one-half one_half fusion-layout-column fusion-spacing-yes\">\n\t<p><span class=\"wpcf7-form-control-wrap\" data-name=\"Nombre\"><input size=\"40\" maxlength=\"400\" class=\"wpcf7-form-control wpcf7-text wpcf7-validates-as-required\" aria-required=\"true\" aria-invalid=\"false\" placeholder=\"Nom*\" value=\"\" type=\"text\" name=\"Nombre\" \/><\/span>\n\t<\/p>\n<\/div>\n<div class=\"fusion-one-half one_half fusion-layout-column fusion-spacing-yes fusion-column-last\">\n\t<p><span class=\"wpcf7-form-control-wrap\" data-name=\"tel-281\"><input size=\"40\" maxlength=\"400\" class=\"wpcf7-form-control wpcf7-tel wpcf7-validates-as-required wpcf7-text wpcf7-validates-as-tel\" aria-required=\"true\" aria-invalid=\"false\" placeholder=\"Tel\u00e8fon\" value=\"\" type=\"tel\" name=\"tel-281\" \/><\/span>\n\t<\/p>\n<\/div>\n<div class=\"fusion-one-half one_half fusion-layout-column fusion-spacing-yes\">\n\t<p><span class=\"wpcf7-form-control-wrap\" data-name=\"email-21\"><input size=\"40\" maxlength=\"400\" class=\"wpcf7-form-control wpcf7-email wpcf7-validates-as-required wpcf7-text wpcf7-validates-as-email\" aria-required=\"true\" aria-invalid=\"false\" placeholder=\"Email*\" value=\"\" type=\"email\" name=\"email-21\" \/><\/span>\n\t<\/p>\n<\/div>\n<div class=\"fusion-one-half one_half fusion-layout-column fusion-spacing-yes fusion-column-last\">\n\t<p><span class=\"wpcf7-form-control-wrap\" data-name=\"menu-789\"><select class=\"wpcf7-form-control wpcf7-select wpcf7-validates-as-required\" aria-required=\"true\" aria-invalid=\"false\" name=\"menu-789\"><option value=\"Motiu de la visita*\">Motiu de la visita*<\/option><option value=\"Urg\u00e8ncies\">Urg\u00e8ncies<\/option><option value=\"Primera visita\">Primera visita<\/option><option value=\"Revisi\u00f3\">Revisi\u00f3<\/option><option value=\"Est\u00e8tica\">Est\u00e8tica<\/option><option value=\"Implants\">Implants<\/option><option value=\"Ortod\u00f2ncia\">Ortod\u00f2ncia<\/option><option value=\"Pr\u00f2tesis\">Pr\u00f2tesis<\/option><option value=\"Period\u00f2ncia\">Period\u00f2ncia<\/option><option value=\"Conservadora\">Conservadora<\/option><option value=\"Endod\u00f2ncia\">Endod\u00f2ncia<\/option><option value=\"Bruxisme\">Bruxisme<\/option><\/select><\/span>\n\t<\/p>\n<\/div>\n<div class=\"fusion-one-half one_half fusion-layout-column fusion-spacing-yes\">\n\t<p><span class=\"wpcf7-form-control-wrap\" data-name=\"date-750\"><input class=\"wpcf7-form-control wpcf7-date wpcf7-validates-as-date\" aria-invalid=\"false\" placeholder=\"\u00bfQuin dia vols venir?\" value=\"\" type=\"date\" name=\"date-750\" \/><\/span>\n\t<\/p>\n<\/div>\n<div class=\"fusion-one-half one_half fusion-layout-column fusion-spacing-yes fusion-column-last\">\n\t<p><span class=\"wpcf7-form-control-wrap\" data-name=\"hora\"><select class=\"wpcf7-form-control wpcf7-select wpcf7-validates-as-required\" aria-required=\"true\" aria-invalid=\"false\" name=\"hora\"><option value=\"\u00bfQuina hora et va millor?*\">\u00bfQuina hora et va millor?*<\/option><option value=\"Ma\u00f1ana\">Ma\u00f1ana<\/option><option value=\"Medio d\u00eda\">Medio d\u00eda<\/option><option value=\"Tarde\">Tarde<\/option><\/select><\/span>\n\t<\/p>\n<\/div>\n<p><span class=\"wpcf7-form-control-wrap\" data-name=\"acceptance-277\"><span class=\"wpcf7-form-control wpcf7-acceptance\"><span class=\"wpcf7-list-item\"><label><input type=\"checkbox\" name=\"acceptance-277\" value=\"1\" aria-invalid=\"false\" \/><span class=\"wpcf7-list-item-label\">Accepto la <a href=\"https:\/\/clinicadentaldralier.es\/politica-de-privacidad\/\" target=\"_blank\" rel=\"noopener\"><span style=\"color: #000000;\">Pol\u00edtica de Privacitat<\/span><\/a><\/span><\/label><\/span><\/span><\/span>\n<\/p>\n<p><input class=\"wpcf7-form-control wpcf7-submit has-spinner\" type=\"submit\" value=\"Enviar\" \/>\n<\/p><div class=\"fusion-alert alert custom alert-custom fusion-alert-center wpcf7-response-output fusion-alert-capitalize awb-alert-native-link-color alert-dismissable awb-alert-close-boxed\" style=\"--awb-border-size:1px;--awb-border-top-left-radius:0px;--awb-border-top-right-radius:0px;--awb-border-bottom-left-radius:0px;--awb-border-bottom-right-radius:0px;\" role=\"alert\"><div class=\"fusion-alert-content-wrapper\"><span class=\"fusion-alert-content\"><\/span><\/div><button type=\"button\" class=\"close toggle-alert\" data-dismiss=\"alert\" aria-label=\"Close\">&times;<\/button><\/div>\n<\/form>\n<\/div>\n<div class=\"fusion-clearfix\"><\/div><\/div><\/div><\/div><\/div><div class=\"fusion-fullwidth fullwidth-box fusion-builder-row-4 nonhundred-percent-fullwidth non-hundred-percent-height-scrolling\" style=\"--awb-border-radius-top-left:0px;--awb-border-radius-top-right:0px;--awb-border-radius-bottom-right:0px;--awb-border-radius-bottom-left:0px;--awb-padding-top:40px;--awb-padding-bottom:20px;--awb-flex-wrap:wrap;\" ><div class=\"fusion-builder-row fusion-row\"><div class=\"fusion-layout-column fusion_builder_column fusion-builder-column-6 fusion_builder_column_1_1 1_1 fusion-one-full fusion-column-first fusion-column-last\" style=\"--awb-bg-size:cover;\"><div class=\"fusion-column-wrapper fusion-column-has-shadow fusion-flex-column-wrapper-legacy\"><div class=\"fusion-aligncenter\"><a class=\"fusion-button button-flat button-large button-default fusion-button-default button-2 fusion-button-default-span fusion-button-default-type\" target=\"_self\" href=\"https:\/\/clinicadentaldralier.es\/ca\/tractaments-dentals\"><span class=\"fusion-button-text fusion-button-text-right\">TORNAR A TRACTAMENTS<\/span><span class=\"fusion-button-icon-divider button-icon-divider-right\"><i class=\"fa-hand-point-down far\" aria-hidden=\"true\"><\/i><\/span><\/a><\/div><div class=\"fusion-clearfix\"><\/div><\/div><\/div><\/div><\/div>\n<\/p>\n","protected":false},"excerpt":{"rendered":"","protected":false},"author":1,"featured_media":0,"parent":727,"menu_order":0,"comment_status":"closed","ping_status":"closed","template":"100-width.php","meta":{"footnotes":""},"class_list":["post-545","page","type-page","status-publish","hentry"],"yoast_head":"<!-- This site is optimized with the Yoast SEO plugin v24.2 - https:\/\/yoast.com\/wordpress\/plugins\/seo\/ -->\n<title>Pr\u00f2tesi dental a Deltebre | Cl\u00ednica Dental Dr. J M\u00aa Alier<\/title>\n<meta name=\"description\" content=\"La Pr\u00f2tesis dental \u00e9s un tractament per reempla\u00e7ar les dents que s&#039;han perdut com a conseq\u00fc\u00e8ncia d&#039;una c\u00e0ries, periodontitis, traumatismes, etc.\" \/>\n<meta name=\"robots\" content=\"index, follow, max-snippet:-1, max-image-preview:large, max-video-preview:-1\" \/>\n<link rel=\"canonical\" href=\"https:\/\/clinicadentaldralier.es\/tratamientos-dentales\/protesis-dental\/\" \/>\n<meta property=\"og:locale\" content=\"ca_ES\" \/>\n<meta property=\"og:type\" content=\"article\" \/>\n<meta property=\"og:title\" content=\"Pr\u00f2tesi dental a Deltebre | Cl\u00ednica Dental Dr. J M\u00aa Alier\" \/>\n<meta property=\"og:description\" content=\"La Pr\u00f2tesis dental \u00e9s un tractament per reempla\u00e7ar les dents que s&#039;han perdut com a conseq\u00fc\u00e8ncia d&#039;una c\u00e0ries, periodontitis, traumatismes, etc.\" \/>\n<meta property=\"og:url\" content=\"https:\/\/clinicadentaldralier.es\/tratamientos-dentales\/protesis-dental\/\" \/>\n<meta property=\"og:site_name\" content=\"Cl\u00ednica Dental Dr. J M\u00aa Alier\" \/>\n<meta property=\"article:modified_time\" content=\"2020-07-19T19:32:51+00:00\" \/>\n<meta name=\"twitter:card\" content=\"summary_large_image\" \/>\n<meta name=\"twitter:label1\" content=\"Temps estimat de lectura\" \/>\n\t<meta name=\"twitter:data1\" content=\"11 minuts\" \/>\n<script type=\"application\/ld+json\" class=\"yoast-schema-graph\">{\"@context\":\"https:\/\/schema.org\",\"@graph\":[{\"@type\":\"WebPage\",\"@id\":\"https:\/\/clinicadentaldralier.es\/tratamientos-dentales\/protesis-dental\/\",\"url\":\"https:\/\/clinicadentaldralier.es\/tratamientos-dentales\/protesis-dental\/\",\"name\":\"Pr\u00f2tesi dental a Deltebre | Cl\u00ednica Dental Dr. J M\u00aa Alier\",\"isPartOf\":{\"@id\":\"https:\/\/clinicadentaldralier.es\/#website\"},\"datePublished\":\"2020-04-30T08:36:06+00:00\",\"dateModified\":\"2020-07-19T19:32:51+00:00\",\"description\":\"La Pr\u00f2tesis dental \u00e9s un tractament per reempla\u00e7ar les dents que s'han perdut com a conseq\u00fc\u00e8ncia d'una c\u00e0ries, periodontitis, traumatismes, etc.\",\"breadcrumb\":{\"@id\":\"https:\/\/clinicadentaldralier.es\/tratamientos-dentales\/protesis-dental\/#breadcrumb\"},\"inLanguage\":\"ca\",\"potentialAction\":[{\"@type\":\"ReadAction\",\"target\":[\"https:\/\/clinicadentaldralier.es\/tratamientos-dentales\/protesis-dental\/\"]}]},{\"@type\":\"BreadcrumbList\",\"@id\":\"https:\/\/clinicadentaldralier.es\/tratamientos-dentales\/protesis-dental\/#breadcrumb\",\"itemListElement\":[{\"@type\":\"ListItem\",\"position\":1,\"name\":\"Portada\",\"item\":\"https:\/\/clinicadentaldralier.es\/ca\/\"},{\"@type\":\"ListItem\",\"position\":2,\"name\":\"Tractaments dentals a Deltebre\",\"item\":\"https:\/\/clinicadentaldralier.es\/ca\/tractaments-dentals\/\"},{\"@type\":\"ListItem\",\"position\":3,\"name\":\"Pr\u00f2tesi dental a Deltebre\"}]},{\"@type\":\"WebSite\",\"@id\":\"https:\/\/clinicadentaldralier.es\/#website\",\"url\":\"https:\/\/clinicadentaldralier.es\/\",\"name\":\"Cl\u00ednica Dental Dr. J M\u00aa Alier\",\"description\":\"Cl\u00ednica dental en Deltebre\",\"potentialAction\":[{\"@type\":\"SearchAction\",\"target\":{\"@type\":\"EntryPoint\",\"urlTemplate\":\"https:\/\/clinicadentaldralier.es\/?s={search_term_string}\"},\"query-input\":{\"@type\":\"PropertyValueSpecification\",\"valueRequired\":true,\"valueName\":\"search_term_string\"}}],\"inLanguage\":\"ca\"}]}<\/script>\n<!-- \/ Yoast SEO plugin. -->","yoast_head_json":{"title":"Pr\u00f2tesi dental a Deltebre | Cl\u00ednica Dental Dr. J M\u00aa Alier","description":"La Pr\u00f2tesis dental \u00e9s un tractament per reempla\u00e7ar les dents que s'han perdut com a conseq\u00fc\u00e8ncia d'una c\u00e0ries, periodontitis, traumatismes, etc.","robots":{"index":"index","follow":"follow","max-snippet":"max-snippet:-1","max-image-preview":"max-image-preview:large","max-video-preview":"max-video-preview:-1"},"canonical":"https:\/\/clinicadentaldralier.es\/tratamientos-dentales\/protesis-dental\/","og_locale":"ca_ES","og_type":"article","og_title":"Pr\u00f2tesi dental a Deltebre | Cl\u00ednica Dental Dr. J M\u00aa Alier","og_description":"La Pr\u00f2tesis dental \u00e9s un tractament per reempla\u00e7ar les dents que s'han perdut com a conseq\u00fc\u00e8ncia d'una c\u00e0ries, periodontitis, traumatismes, etc.","og_url":"https:\/\/clinicadentaldralier.es\/tratamientos-dentales\/protesis-dental\/","og_site_name":"Cl\u00ednica Dental Dr. J M\u00aa Alier","article_modified_time":"2020-07-19T19:32:51+00:00","twitter_card":"summary_large_image","twitter_misc":{"Temps estimat de lectura":"11 minuts"},"schema":{"@context":"https:\/\/schema.org","@graph":[{"@type":"WebPage","@id":"https:\/\/clinicadentaldralier.es\/tratamientos-dentales\/protesis-dental\/","url":"https:\/\/clinicadentaldralier.es\/tratamientos-dentales\/protesis-dental\/","name":"Pr\u00f2tesi dental a Deltebre | Cl\u00ednica Dental Dr. J M\u00aa Alier","isPartOf":{"@id":"https:\/\/clinicadentaldralier.es\/#website"},"datePublished":"2020-04-30T08:36:06+00:00","dateModified":"2020-07-19T19:32:51+00:00","description":"La Pr\u00f2tesis dental \u00e9s un tractament per reempla\u00e7ar les dents que s'han perdut com a conseq\u00fc\u00e8ncia d'una c\u00e0ries, periodontitis, traumatismes, etc.","breadcrumb":{"@id":"https:\/\/clinicadentaldralier.es\/tratamientos-dentales\/protesis-dental\/#breadcrumb"},"inLanguage":"ca","potentialAction":[{"@type":"ReadAction","target":["https:\/\/clinicadentaldralier.es\/tratamientos-dentales\/protesis-dental\/"]}]},{"@type":"BreadcrumbList","@id":"https:\/\/clinicadentaldralier.es\/tratamientos-dentales\/protesis-dental\/#breadcrumb","itemListElement":[{"@type":"ListItem","position":1,"name":"Portada","item":"https:\/\/clinicadentaldralier.es\/ca\/"},{"@type":"ListItem","position":2,"name":"Tractaments dentals a Deltebre","item":"https:\/\/clinicadentaldralier.es\/ca\/tractaments-dentals\/"},{"@type":"ListItem","position":3,"name":"Pr\u00f2tesi dental a Deltebre"}]},{"@type":"WebSite","@id":"https:\/\/clinicadentaldralier.es\/#website","url":"https:\/\/clinicadentaldralier.es\/","name":"Cl\u00ednica Dental Dr. J M\u00aa Alier","description":"Cl\u00ednica dental en Deltebre","potentialAction":[{"@type":"SearchAction","target":{"@type":"EntryPoint","urlTemplate":"https:\/\/clinicadentaldralier.es\/?s={search_term_string}"},"query-input":{"@type":"PropertyValueSpecification","valueRequired":true,"valueName":"search_term_string"}}],"inLanguage":"ca"}]}},"_links":{"self":[{"href":"https:\/\/clinicadentaldralier.es\/ca\/wp-json\/wp\/v2\/pages\/545","targetHints":{"allow":["GET"]}}],"collection":[{"href":"https:\/\/clinicadentaldralier.es\/ca\/wp-json\/wp\/v2\/pages"}],"about":[{"href":"https:\/\/clinicadentaldralier.es\/ca\/wp-json\/wp\/v2\/types\/page"}],"author":[{"embeddable":true,"href":"https:\/\/clinicadentaldralier.es\/ca\/wp-json\/wp\/v2\/users\/1"}],"replies":[{"embeddable":true,"href":"https:\/\/clinicadentaldralier.es\/ca\/wp-json\/wp\/v2\/comments?post=545"}],"version-history":[{"count":0,"href":"https:\/\/clinicadentaldralier.es\/ca\/wp-json\/wp\/v2\/pages\/545\/revisions"}],"up":[{"embeddable":true,"href":"https:\/\/clinicadentaldralier.es\/ca\/wp-json\/wp\/v2\/pages\/727"}],"wp:attachment":[{"href":"https:\/\/clinicadentaldralier.es\/ca\/wp-json\/wp\/v2\/media?parent=545"}],"curies":[{"name":"wp","href":"https:\/\/api.w.org\/{rel}","templated":true}]}}