{"id":727,"date":"2020-04-30T08:34:07","date_gmt":"2020-04-30T08:34:07","guid":{"rendered":"https:\/\/clinicadentaldralier.es\/tratamientos-dentales\/"},"modified":"2020-07-19T19:32:10","modified_gmt":"2020-07-19T19:32:10","slug":"tractaments-dentals","status":"publish","type":"page","link":"https:\/\/clinicadentaldralier.es\/ca\/tractaments-dentals\/","title":{"rendered":"Tractaments dentals a Deltebre"},"content":{"rendered":"<div class=\"fusion-fullwidth fullwidth-box fusion-builder-row-1 nonhundred-percent-fullwidth non-hundred-percent-height-scrolling fusion-equal-height-columns\" style=\"--awb-border-radius-top-left:0px;--awb-border-radius-top-right:0px;--awb-border-radius-bottom-right:0px;--awb-border-radius-bottom-left:0px;--awb-padding-top:50px;--awb-padding-bottom:40px;--awb-background-color:#e6eef1;--awb-flex-wrap:wrap;\" ><div class=\"fusion-builder-row fusion-row\"><div class=\"fusion-layout-column fusion_builder_column fusion-builder-column-0 fusion_builder_column_1_3 1_3 fusion-one-third fusion-column-first fusion-column-inner-bg-wrapper fusion-column-liftup-border\" style=\"--awb-padding-top:20px;--awb-padding-right:10px;--awb-padding-bottom:20px;--awb-padding-left:10px;--awb-overflow:hidden;--awb-inner-bg-color:#ffffff;--awb-inner-bg-color-hover:#ffffff;--awb-inner-bg-size:cover;--awb-inner-bg-box-shadow:10px 10px 50px 0px rgba(0,159,170,0.51);;--awb-border-radius:10px 10px 10px 10px;--awb-liftup-border-radius:10px 10px 10px 10px;width:33.333333333333%;width:calc(33.333333333333% - ( ( 4% + 4% ) * 0.33333333333333 ) );margin-right: 4%;\"><span class=\"fusion-column-inner-bg hover-type-liftup\"><a class=\"fusion-column-anchor\" href=\"https:\/\/clinicadentaldralier.es\/ca\/tractaments-dentals\/estetica-dental\/\"><span class=\"fusion-column-inner-bg-image\"><\/span><\/a><\/span><div class=\"fusion-column-wrapper fusion-flex-column-wrapper-legacy\"><div class=\"fusion-text fusion-text-1\"><p><img decoding=\"async\" class=\"wp-image-76 aligncenter\" src=\"https:\/\/clinicadentaldralier.es\/wp-content\/uploads\/2020\/05\/whitening.png\" alt=\"\" width=\"70\" height=\"70\" \/><\/p>\n<h3 style=\"text-align: center;\">Est\u00e8tica<br \/>\ndental<\/h3>\n<\/div><div class=\"fusion-clearfix\"><\/div><\/div><\/div><div class=\"fusion-layout-column fusion_builder_column fusion-builder-column-1 fusion_builder_column_1_3 1_3 fusion-one-third fusion-column-inner-bg-wrapper fusion-column-liftup-border\" style=\"--awb-padding-top:20px;--awb-padding-right:10px;--awb-padding-bottom:20px;--awb-padding-left:10px;--awb-overflow:hidden;--awb-inner-bg-color:#ffffff;--awb-inner-bg-color-hover:#ffffff;--awb-inner-bg-size:cover;--awb-inner-bg-box-shadow:10px 10px 50px 0px rgba(0,159,170,0.51);;--awb-border-radius:10px 10px 10px 10px;--awb-liftup-border-radius:10px 10px 10px 10px;width:33.333333333333%;width:calc(33.333333333333% - ( ( 4% + 4% ) * 0.33333333333333 ) );margin-right: 4%;\"><span class=\"fusion-column-inner-bg hover-type-liftup\"><a class=\"fusion-column-anchor\" href=\"https:\/\/clinicadentaldralier.es\/ca\/tractaments-dentals\/ortodoncia\/\"><span class=\"fusion-column-inner-bg-image\"><\/span><\/a><\/span><div class=\"fusion-column-wrapper fusion-flex-column-wrapper-legacy\"><div class=\"fusion-text fusion-text-2\"><p><img decoding=\"async\" class=\"wp-image-76 aligncenter\" src=\"https:\/\/clinicadentaldralier.es\/wp-content\/uploads\/2020\/05\/braces.png\" alt=\"\" width=\"70\" height=\"70\" \/><\/p>\n<h3 style=\"text-align: center;\">Ortod\u00f2ncia<\/h3>\n<\/div><div class=\"fusion-clearfix\"><\/div><\/div><\/div><div class=\"fusion-layout-column fusion_builder_column fusion-builder-column-2 fusion_builder_column_1_3 1_3 fusion-one-third fusion-column-last fusion-column-inner-bg-wrapper fusion-column-liftup-border\" style=\"--awb-padding-top:20px;--awb-padding-right:10px;--awb-padding-bottom:20px;--awb-padding-left:10px;--awb-overflow:hidden;--awb-inner-bg-color:#ffffff;--awb-inner-bg-color-hover:#ffffff;--awb-inner-bg-size:cover;--awb-inner-bg-box-shadow:10px 10px 50px 0px rgba(0,159,170,0.51);;--awb-border-radius:10px 10px 10px 10px;--awb-liftup-border-radius:10px 10px 10px 10px;width:33.333333333333%;width:calc(33.333333333333% - ( ( 4% + 4% ) * 0.33333333333333 ) );\"><span class=\"fusion-column-inner-bg hover-type-liftup\"><a class=\"fusion-column-anchor\" href=\"https:\/\/clinicadentaldralier.es\/ca\/tractaments-dentals\/periodoncia\/\"><span class=\"fusion-column-inner-bg-image\"><\/span><\/a><\/span><div class=\"fusion-column-wrapper fusion-flex-column-wrapper-legacy\"><div class=\"fusion-text fusion-text-3\"><p><img decoding=\"async\" class=\"wp-image-76 aligncenter\" src=\"https:\/\/clinicadentaldralier.es\/wp-content\/uploads\/2020\/05\/Drill.png\" alt=\"\" width=\"70\" height=\"70\" \/><\/p>\n<h3 style=\"text-align: center;\">Period\u00f2ncia<\/h3>\n<\/div><div class=\"fusion-clearfix\"><\/div><\/div><\/div><div class=\"fusion-layout-column fusion_builder_column fusion-builder-column-3 fusion_builder_column_1_3 1_3 fusion-one-third fusion-column-first fusion-column-inner-bg-wrapper fusion-column-liftup-border\" style=\"--awb-padding-top:20px;--awb-padding-right:10px;--awb-padding-bottom:20px;--awb-padding-left:10px;--awb-overflow:hidden;--awb-inner-bg-color:#ffffff;--awb-inner-bg-color-hover:#ffffff;--awb-inner-bg-size:cover;--awb-inner-bg-box-shadow:10px 10px 50px 0px rgba(0,159,170,0.51);;--awb-border-radius:10px 10px 10px 10px;--awb-liftup-border-radius:10px 10px 10px 10px;width:33.333333333333%;width:calc(33.333333333333% - ( ( 4% + 4% ) * 0.33333333333333 ) );margin-right: 4%;\"><span class=\"fusion-column-inner-bg hover-type-liftup\"><a class=\"fusion-column-anchor\" href=\"https:\/\/clinicadentaldralier.es\/ca\/tractaments-dentals\/protesi-dental\/\"><span class=\"fusion-column-inner-bg-image\"><\/span><\/a><\/span><div class=\"fusion-column-wrapper fusion-flex-column-wrapper-legacy\"><div class=\"fusion-text fusion-text-4\"><p><img decoding=\"async\" class=\"wp-image-76 aligncenter\" src=\"https:\/\/clinicadentaldralier.es\/wp-content\/uploads\/2020\/05\/denture.png\" alt=\"\" width=\"70\" height=\"70\" srcset=\"https:\/\/clinicadentaldralier.es\/wp-content\/uploads\/2020\/05\/denture-66x66.png 66w, https:\/\/clinicadentaldralier.es\/wp-content\/uploads\/2020\/05\/denture-150x150.png 150w, https:\/\/clinicadentaldralier.es\/wp-content\/uploads\/2020\/05\/denture-200x200.png 200w, https:\/\/clinicadentaldralier.es\/wp-content\/uploads\/2020\/05\/denture.png 256w\" sizes=\"(max-width: 70px) 100vw, 70px\" \/><\/p>\n<h3 style=\"text-align: center;\">Pr\u00f2tesis<br \/>\ndentals<\/h3>\n<\/div><div class=\"fusion-clearfix\"><\/div><\/div><\/div><div class=\"fusion-layout-column fusion_builder_column fusion-builder-column-4 fusion_builder_column_1_3 1_3 fusion-one-third fusion-column-inner-bg-wrapper fusion-column-liftup-border\" style=\"--awb-padding-top:20px;--awb-padding-right:10px;--awb-padding-bottom:20px;--awb-padding-left:10px;--awb-overflow:hidden;--awb-inner-bg-color:#ffffff;--awb-inner-bg-color-hover:#ffffff;--awb-inner-bg-size:cover;--awb-inner-bg-box-shadow:10px 10px 50px 0px rgba(0,159,170,0.51);;--awb-border-radius:10px 10px 10px 10px;--awb-liftup-border-radius:10px 10px 10px 10px;width:33.333333333333%;width:calc(33.333333333333% - ( ( 4% + 4% ) * 0.33333333333333 ) );margin-right: 4%;\"><span class=\"fusion-column-inner-bg hover-type-liftup\"><a class=\"fusion-column-anchor\" href=\"https:\/\/clinicadentaldralier.es\/ca\/tractaments-dentals\/cirurgia-bucal\/\"><span class=\"fusion-column-inner-bg-image\"><\/span><\/a><\/span><div class=\"fusion-column-wrapper fusion-flex-column-wrapper-legacy\"><div class=\"fusion-text fusion-text-5\"><p><img decoding=\"async\" class=\"wp-image-76 aligncenter\" src=\"https:\/\/clinicadentaldralier.es\/wp-content\/uploads\/2020\/05\/tools.png\" alt=\"\" width=\"70\" height=\"70\" \/><\/p>\n<h3 style=\"text-align: center;\">Cirurgia<br \/>\nbucal<\/h3>\n<\/div><div class=\"fusion-clearfix\"><\/div><\/div><\/div><div class=\"fusion-layout-column fusion_builder_column fusion-builder-column-5 fusion_builder_column_1_3 1_3 fusion-one-third fusion-column-last fusion-column-inner-bg-wrapper fusion-column-liftup-border\" style=\"--awb-padding-top:20px;--awb-padding-right:10px;--awb-padding-bottom:20px;--awb-padding-left:10px;--awb-overflow:hidden;--awb-inner-bg-color:#ffffff;--awb-inner-bg-color-hover:#ffffff;--awb-inner-bg-size:cover;--awb-inner-bg-box-shadow:10px 10px 50px 0px rgba(0,159,170,0.51);;--awb-border-radius:10px 10px 10px 10px;--awb-liftup-border-radius:10px 10px 10px 10px;width:33.333333333333%;width:calc(33.333333333333% - ( ( 4% + 4% ) * 0.33333333333333 ) );\"><span class=\"fusion-column-inner-bg hover-type-liftup\"><a class=\"fusion-column-anchor\" href=\"https:\/\/clinicadentaldralier.es\/ca\/tractaments-dentals\/implantes-dentales\/\"><span class=\"fusion-column-inner-bg-image\"><\/span><\/a><\/span><div class=\"fusion-column-wrapper fusion-flex-column-wrapper-legacy\"><div class=\"fusion-text fusion-text-6\"><p><img decoding=\"async\" class=\"wp-image-76 aligncenter\" src=\"https:\/\/clinicadentaldralier.es\/wp-content\/uploads\/2020\/05\/implant.png\" alt=\"\" width=\"70\" height=\"70\" \/><\/p>\n<h3 style=\"text-align: center;\">Implants<br \/>\ndentals<\/h3>\n<\/div><div class=\"fusion-clearfix\"><\/div><\/div><\/div><div class=\"fusion-layout-column fusion_builder_column fusion-builder-column-6 fusion_builder_column_1_3 1_3 fusion-one-third fusion-column-first fusion-column-inner-bg-wrapper fusion-column-liftup-border\" style=\"--awb-padding-top:20px;--awb-padding-right:10px;--awb-padding-bottom:20px;--awb-padding-left:10px;--awb-overflow:hidden;--awb-inner-bg-color:#ffffff;--awb-inner-bg-color-hover:#ffffff;--awb-inner-bg-size:cover;--awb-inner-bg-box-shadow:10px 10px 50px 0px rgba(0,159,170,0.51);;--awb-border-radius:10px 10px 10px 10px;--awb-liftup-border-radius:10px 10px 10px 10px;width:33.333333333333%;width:calc(33.333333333333% - ( ( 4% + 4% ) * 0.33333333333333 ) );margin-right: 4%;\"><span class=\"fusion-column-inner-bg hover-type-liftup\"><a class=\"fusion-column-anchor\" href=\"https:\/\/clinicadentaldralier.es\/ca\/tractaments-dentals\/tractament-de-bruxisme-i-disfuncio-de-atm\/\"><span class=\"fusion-column-inner-bg-image\"><\/span><\/a><\/span><div class=\"fusion-column-wrapper fusion-flex-column-wrapper-legacy\"><div class=\"fusion-text fusion-text-7\"><p><img decoding=\"async\" class=\"wp-image-76 aligncenter\" src=\"https:\/\/clinicadentaldralier.es\/wp-content\/uploads\/2020\/05\/orthodontic.png\" alt=\"\" width=\"70\" height=\"70\" \/><\/p>\n<h3 style=\"text-align: center;\">Bruxisme<br \/>\ni ATM<\/h3>\n<\/div><div class=\"fusion-clearfix\"><\/div><\/div><\/div><div class=\"fusion-layout-column fusion_builder_column fusion-builder-column-7 fusion_builder_column_1_3 1_3 fusion-one-third fusion-column-inner-bg-wrapper fusion-column-liftup-border\" style=\"--awb-padding-top:20px;--awb-padding-right:10px;--awb-padding-bottom:20px;--awb-padding-left:10px;--awb-overflow:hidden;--awb-inner-bg-color:#ffffff;--awb-inner-bg-color-hover:#ffffff;--awb-inner-bg-size:cover;--awb-inner-bg-box-shadow:10px 10px 50px 0px rgba(0,159,170,0.51);;--awb-border-radius:10px 10px 10px 10px;--awb-liftup-border-radius:10px 10px 10px 10px;width:33.333333333333%;width:calc(33.333333333333% - ( ( 4% + 4% ) * 0.33333333333333 ) );margin-right: 4%;\"><span class=\"fusion-column-inner-bg hover-type-liftup\"><a class=\"fusion-column-anchor\" href=\"https:\/\/clinicadentaldralier.es\/ca\/tractaments-dentals\/odontologia-conservadora-i-restauradora\/\"><span class=\"fusion-column-inner-bg-image\"><\/span><\/a><\/span><div class=\"fusion-column-wrapper fusion-flex-column-wrapper-legacy\"><div class=\"fusion-text fusion-text-8\"><p><img decoding=\"async\" class=\"wp-image-76 aligncenter\" src=\"https:\/\/clinicadentaldralier.es\/wp-content\/uploads\/2020\/05\/toothbrush.png\" alt=\"\" width=\"70\" height=\"70\" \/><\/p>\n<h3 style=\"text-align: center;\">Odontologia<br \/>\nconservadora<\/h3>\n<\/div><div class=\"fusion-clearfix\"><\/div><\/div><\/div><div class=\"fusion-layout-column fusion_builder_column fusion-builder-column-8 fusion_builder_column_1_3 1_3 fusion-one-third fusion-column-last fusion-column-inner-bg-wrapper fusion-column-liftup-border\" style=\"--awb-padding-top:20px;--awb-padding-right:10px;--awb-padding-bottom:20px;--awb-padding-left:10px;--awb-overflow:hidden;--awb-inner-bg-color:#ffffff;--awb-inner-bg-color-hover:#ffffff;--awb-inner-bg-size:cover;--awb-inner-bg-box-shadow:10px 10px 50px 0px rgba(0,159,170,0.51);;--awb-border-radius:10px 10px 10px 10px;--awb-liftup-border-radius:10px 10px 10px 10px;width:33.333333333333%;width:calc(33.333333333333% - ( ( 4% + 4% ) * 0.33333333333333 ) );\"><span class=\"fusion-column-inner-bg hover-type-liftup\"><a class=\"fusion-column-anchor\" href=\"https:\/\/clinicadentaldralier.es\/ca\/tractaments-dentals\/endondoncia\/\"><span class=\"fusion-column-inner-bg-image\"><\/span><\/a><\/span><div class=\"fusion-column-wrapper fusion-flex-column-wrapper-legacy\"><div class=\"fusion-text fusion-text-9\"><p><img decoding=\"async\" class=\"wp-image-76 aligncenter\" src=\"https:\/\/clinicadentaldralier.es\/wp-content\/uploads\/2020\/05\/Tooth.png\" alt=\"\" width=\"70\" height=\"70\" \/><\/p>\n<h3 style=\"text-align: center;\">Endod\u00f2ncia<\/h3>\n<\/div><div class=\"fusion-clearfix\"><\/div><\/div><\/div><\/div><\/div>\n","protected":false},"excerpt":{"rendered":"","protected":false},"author":1,"featured_media":0,"parent":0,"menu_order":0,"comment_status":"closed","ping_status":"closed","template":"100-width.php","meta":{"footnotes":""},"class_list":["post-727","page","type-page","status-publish","hentry"],"yoast_head":"<!-- This site is optimized with the Yoast SEO plugin v24.2 - https:\/\/yoast.com\/wordpress\/plugins\/seo\/ -->\n<title>Tractaments dentals a Deltebre | Cl\u00ednica Dental Dr. J M\u00aa Alier<\/title>\n<meta name=\"description\" content=\"Estem especialitzats en diferents branques d&#039;Odontologia com Cirurgia Bucal, Implantologia Oral, Est\u00e8tica Dental, Pr\u00f2tesi, Ortod\u00f2ncia, Period\u00f2ncia i Endod\u00f2ncia, entre d&#039;altres.\" \/>\n<meta name=\"robots\" content=\"index, follow, max-snippet:-1, max-image-preview:large, max-video-preview:-1\" \/>\n<link rel=\"canonical\" href=\"https:\/\/clinicadentaldralier.es\/ca\/tractaments-dentals\/\" \/>\n<meta property=\"og:locale\" content=\"ca_ES\" \/>\n<meta property=\"og:type\" content=\"article\" \/>\n<meta property=\"og:title\" content=\"Tractaments dentals a Deltebre | Cl\u00ednica Dental Dr. J M\u00aa Alier\" \/>\n<meta property=\"og:description\" content=\"Estem especialitzats en diferents branques d&#039;Odontologia com Cirurgia Bucal, Implantologia Oral, Est\u00e8tica Dental, Pr\u00f2tesi, Ortod\u00f2ncia, Period\u00f2ncia i Endod\u00f2ncia, entre d&#039;altres.\" \/>\n<meta property=\"og:url\" content=\"https:\/\/clinicadentaldralier.es\/ca\/tractaments-dentals\/\" \/>\n<meta property=\"og:site_name\" content=\"Cl\u00ednica Dental Dr. J M\u00aa Alier\" \/>\n<meta property=\"article:modified_time\" content=\"2020-07-19T19:32:10+00:00\" \/>\n<meta property=\"og:image\" content=\"https:\/\/clinicadentaldralier.es\/wp-content\/uploads\/2020\/05\/denture.png\" \/>\n\t<meta property=\"og:image:width\" content=\"256\" \/>\n\t<meta property=\"og:image:height\" content=\"256\" \/>\n\t<meta property=\"og:image:type\" content=\"image\/png\" \/>\n<meta name=\"twitter:card\" content=\"summary_large_image\" \/>\n<meta name=\"twitter:label1\" content=\"Temps estimat de lectura\" \/>\n\t<meta name=\"twitter:data1\" content=\"12 minuts\" \/>\n<script type=\"application\/ld+json\" class=\"yoast-schema-graph\">{\"@context\":\"https:\/\/schema.org\",\"@graph\":[{\"@type\":\"WebPage\",\"@id\":\"https:\/\/clinicadentaldralier.es\/ca\/tractaments-dentals\/\",\"url\":\"https:\/\/clinicadentaldralier.es\/ca\/tractaments-dentals\/\",\"name\":\"Tractaments dentals a Deltebre | Cl\u00ednica Dental Dr. J M\u00aa Alier\",\"isPartOf\":{\"@id\":\"https:\/\/clinicadentaldralier.es\/#website\"},\"primaryImageOfPage\":{\"@id\":\"https:\/\/clinicadentaldralier.es\/ca\/tractaments-dentals\/#primaryimage\"},\"image\":{\"@id\":\"https:\/\/clinicadentaldralier.es\/ca\/tractaments-dentals\/#primaryimage\"},\"thumbnailUrl\":\"https:\/\/clinicadentaldralier.es\/wp-content\/uploads\/2020\/05\/whitening.png\",\"datePublished\":\"2020-04-30T08:34:07+00:00\",\"dateModified\":\"2020-07-19T19:32:10+00:00\",\"description\":\"Estem especialitzats en diferents branques d'Odontologia com Cirurgia Bucal, Implantologia Oral, Est\u00e8tica Dental, Pr\u00f2tesi, Ortod\u00f2ncia, Period\u00f2ncia i Endod\u00f2ncia, entre d'altres.\",\"breadcrumb\":{\"@id\":\"https:\/\/clinicadentaldralier.es\/ca\/tractaments-dentals\/#breadcrumb\"},\"inLanguage\":\"ca\",\"potentialAction\":[{\"@type\":\"ReadAction\",\"target\":[\"https:\/\/clinicadentaldralier.es\/ca\/tractaments-dentals\/\"]}]},{\"@type\":\"ImageObject\",\"inLanguage\":\"ca\",\"@id\":\"https:\/\/clinicadentaldralier.es\/ca\/tractaments-dentals\/#primaryimage\",\"url\":\"https:\/\/clinicadentaldralier.es\/wp-content\/uploads\/2020\/05\/whitening.png\",\"contentUrl\":\"https:\/\/clinicadentaldralier.es\/wp-content\/uploads\/2020\/05\/whitening.png\"},{\"@type\":\"BreadcrumbList\",\"@id\":\"https:\/\/clinicadentaldralier.es\/ca\/tractaments-dentals\/#breadcrumb\",\"itemListElement\":[{\"@type\":\"ListItem\",\"position\":1,\"name\":\"Portada\",\"item\":\"https:\/\/clinicadentaldralier.es\/ca\/\"},{\"@type\":\"ListItem\",\"position\":2,\"name\":\"Tractaments dentals a Deltebre\"}]},{\"@type\":\"WebSite\",\"@id\":\"https:\/\/clinicadentaldralier.es\/#website\",\"url\":\"https:\/\/clinicadentaldralier.es\/\",\"name\":\"Cl\u00ednica Dental Dr. J M\u00aa Alier\",\"description\":\"Cl\u00ednica dental en Deltebre\",\"potentialAction\":[{\"@type\":\"SearchAction\",\"target\":{\"@type\":\"EntryPoint\",\"urlTemplate\":\"https:\/\/clinicadentaldralier.es\/?s={search_term_string}\"},\"query-input\":{\"@type\":\"PropertyValueSpecification\",\"valueRequired\":true,\"valueName\":\"search_term_string\"}}],\"inLanguage\":\"ca\"}]}<\/script>\n<!-- \/ Yoast SEO plugin. -->","yoast_head_json":{"title":"Tractaments dentals a Deltebre | Cl\u00ednica Dental Dr. J M\u00aa Alier","description":"Estem especialitzats en diferents branques d'Odontologia com Cirurgia Bucal, Implantologia Oral, Est\u00e8tica Dental, Pr\u00f2tesi, Ortod\u00f2ncia, Period\u00f2ncia i Endod\u00f2ncia, entre d'altres.","robots":{"index":"index","follow":"follow","max-snippet":"max-snippet:-1","max-image-preview":"max-image-preview:large","max-video-preview":"max-video-preview:-1"},"canonical":"https:\/\/clinicadentaldralier.es\/ca\/tractaments-dentals\/","og_locale":"ca_ES","og_type":"article","og_title":"Tractaments dentals a Deltebre | Cl\u00ednica Dental Dr. J M\u00aa Alier","og_description":"Estem especialitzats en diferents branques d'Odontologia com Cirurgia Bucal, Implantologia Oral, Est\u00e8tica Dental, Pr\u00f2tesi, Ortod\u00f2ncia, Period\u00f2ncia i Endod\u00f2ncia, entre d'altres.","og_url":"https:\/\/clinicadentaldralier.es\/ca\/tractaments-dentals\/","og_site_name":"Cl\u00ednica Dental Dr. J M\u00aa Alier","article_modified_time":"2020-07-19T19:32:10+00:00","og_image":[{"width":256,"height":256,"url":"https:\/\/clinicadentaldralier.es\/wp-content\/uploads\/2020\/05\/denture.png","type":"image\/png"}],"twitter_card":"summary_large_image","twitter_misc":{"Temps estimat de lectura":"12 minuts"},"schema":{"@context":"https:\/\/schema.org","@graph":[{"@type":"WebPage","@id":"https:\/\/clinicadentaldralier.es\/ca\/tractaments-dentals\/","url":"https:\/\/clinicadentaldralier.es\/ca\/tractaments-dentals\/","name":"Tractaments dentals a Deltebre | Cl\u00ednica Dental Dr. J M\u00aa Alier","isPartOf":{"@id":"https:\/\/clinicadentaldralier.es\/#website"},"primaryImageOfPage":{"@id":"https:\/\/clinicadentaldralier.es\/ca\/tractaments-dentals\/#primaryimage"},"image":{"@id":"https:\/\/clinicadentaldralier.es\/ca\/tractaments-dentals\/#primaryimage"},"thumbnailUrl":"https:\/\/clinicadentaldralier.es\/wp-content\/uploads\/2020\/05\/whitening.png","datePublished":"2020-04-30T08:34:07+00:00","dateModified":"2020-07-19T19:32:10+00:00","description":"Estem especialitzats en diferents branques d'Odontologia com Cirurgia Bucal, Implantologia Oral, Est\u00e8tica Dental, Pr\u00f2tesi, Ortod\u00f2ncia, Period\u00f2ncia i Endod\u00f2ncia, entre d'altres.","breadcrumb":{"@id":"https:\/\/clinicadentaldralier.es\/ca\/tractaments-dentals\/#breadcrumb"},"inLanguage":"ca","potentialAction":[{"@type":"ReadAction","target":["https:\/\/clinicadentaldralier.es\/ca\/tractaments-dentals\/"]}]},{"@type":"ImageObject","inLanguage":"ca","@id":"https:\/\/clinicadentaldralier.es\/ca\/tractaments-dentals\/#primaryimage","url":"https:\/\/clinicadentaldralier.es\/wp-content\/uploads\/2020\/05\/whitening.png","contentUrl":"https:\/\/clinicadentaldralier.es\/wp-content\/uploads\/2020\/05\/whitening.png"},{"@type":"BreadcrumbList","@id":"https:\/\/clinicadentaldralier.es\/ca\/tractaments-dentals\/#breadcrumb","itemListElement":[{"@type":"ListItem","position":1,"name":"Portada","item":"https:\/\/clinicadentaldralier.es\/ca\/"},{"@type":"ListItem","position":2,"name":"Tractaments dentals a Deltebre"}]},{"@type":"WebSite","@id":"https:\/\/clinicadentaldralier.es\/#website","url":"https:\/\/clinicadentaldralier.es\/","name":"Cl\u00ednica Dental Dr. J M\u00aa Alier","description":"Cl\u00ednica dental en Deltebre","potentialAction":[{"@type":"SearchAction","target":{"@type":"EntryPoint","urlTemplate":"https:\/\/clinicadentaldralier.es\/?s={search_term_string}"},"query-input":{"@type":"PropertyValueSpecification","valueRequired":true,"valueName":"search_term_string"}}],"inLanguage":"ca"}]}},"_links":{"self":[{"href":"https:\/\/clinicadentaldralier.es\/ca\/wp-json\/wp\/v2\/pages\/727","targetHints":{"allow":["GET"]}}],"collection":[{"href":"https:\/\/clinicadentaldralier.es\/ca\/wp-json\/wp\/v2\/pages"}],"about":[{"href":"https:\/\/clinicadentaldralier.es\/ca\/wp-json\/wp\/v2\/types\/page"}],"author":[{"embeddable":true,"href":"https:\/\/clinicadentaldralier.es\/ca\/wp-json\/wp\/v2\/users\/1"}],"replies":[{"embeddable":true,"href":"https:\/\/clinicadentaldralier.es\/ca\/wp-json\/wp\/v2\/comments?post=727"}],"version-history":[{"count":0,"href":"https:\/\/clinicadentaldralier.es\/ca\/wp-json\/wp\/v2\/pages\/727\/revisions"}],"wp:attachment":[{"href":"https:\/\/clinicadentaldralier.es\/ca\/wp-json\/wp\/v2\/media?parent=727"}],"curies":[{"name":"wp","href":"https:\/\/api.w.org\/{rel}","templated":true}]}}