{"id":765,"date":"2020-07-13T10:36:08","date_gmt":"2020-07-13T10:36:08","guid":{"rendered":"https:\/\/clinicadentaldralier.es\/?page_id=765"},"modified":"2020-07-13T12:43:35","modified_gmt":"2020-07-13T12:43:35","slug":"mesures-post-covid-per-a-la-desinfeccio-de-laire-i-superficies","status":"publish","type":"page","link":"https:\/\/clinicadentaldralier.es\/ca\/mesures-post-covid-per-a-la-desinfeccio-de-laire-i-superficies\/","title":{"rendered":"Mesures post COVID per a la desinfecci\u00f3 de l&#8217;aire i superf\u00edcies"},"content":{"rendered":"<p>Per a garantir la seguretat dels nostres pacients i professionals hem adquirits diferents equips de desinfecci\u00f3 que ens permeten reduir al m\u00e0xim la contaminaci\u00f3 creuada.<\/p>\n<p><strong>1. VACSTATION.<\/strong> Evacuador \u2013 aspirador d&#8217;alta pot\u00e8ncia per a situar entre el pacient, el dentista i l&#8217;auxiliar, i minimitzar des del principi la producci\u00f3 d&#8217;aerosols.<\/p>\n<p><a href=\"https:\/\/www.youtube.com\/watch?v=p2RiXvpg9aU\" target=\"_blank\" rel=\"noopener noreferrer\">M\u00e9s informaci\u00f3<\/a><\/p>\n<p><strong>2. PURION. <\/strong>Llums de llum ultraviolada C instal\u00b7lades a l&#8217;interior dels aparells d&#8217;aire condicionat perqu\u00e8 l&#8217;aire que surt pels conductes de les diferents zones de la cl\u00ednica estigui el m\u00e9s est\u00e8ril possible.<\/p>\n<p><a href=\"https:\/\/www.purion.es\/areas\/aire\/temas\/irradiacion-directa-e-indirecta-en-interiores\/airpurion-48\/\" target=\"_blank\" rel=\"noopener noreferrer\">M\u00e9s informaci\u00f3<\/a><\/p>\n<p><strong>3.\u00a0WELLISAIR.<\/strong> Purificadors d&#8217;aire per difusi\u00f3 d&#8217;ions OH, els quals s&#8217;uneixen a les membranes dels microorganismes, destruint-los.<\/p>\n<p><a href=\"https:\/\/www.youtube.com\/watch?v=9KO_XL48bcE\" target=\"_blank\" rel=\"noopener noreferrer\">M\u00e9s informaci\u00f3<\/a><\/p>\n<p><strong>4.\u00a0TOUCAN\u00a0ECO\u00a0ACTIVE<\/strong>. M\u00e0quina per a la producci\u00f3 en cl\u00ednica d&#8217;\u00e0cid hipoclor\u00f3s a partir d&#8217;aigua i sal, un dels m\u00e9s potents biocides, a partir de la nebulitzaci\u00f3 d&#8217;aire i superf\u00edcies.<\/p>\n<p><a href=\"http:\/\/www.toucaneco.info\/Esterilizadores_HOCL_Toucan_Eco.html\" target=\"_blank\" rel=\"noopener noreferrer\">M\u00e9s informaci\u00f3<\/a><\/p>\n","protected":false},"excerpt":{"rendered":"<p>Per a garantir la seguretat dels nostres pacients i professionals  [&#8230;]<\/p>\n","protected":false},"author":1,"featured_media":0,"parent":0,"menu_order":0,"comment_status":"closed","ping_status":"closed","template":"","meta":{"footnotes":""},"class_list":["post-765","page","type-page","status-publish","hentry"],"yoast_head":"<!-- This site is optimized with the Yoast SEO plugin v24.2 - https:\/\/yoast.com\/wordpress\/plugins\/seo\/ -->\n<title>Mesures post COVID per a la desinfecci\u00f3 de l&#039;aire i superf\u00edcies | Cl\u00ednica Dental Dr. J M\u00aa Alier<\/title>\n<meta name=\"robots\" content=\"index, follow, max-snippet:-1, max-image-preview:large, max-video-preview:-1\" \/>\n<link rel=\"canonical\" href=\"https:\/\/clinicadentaldralier.es\/ca\/mesures-post-covid-per-a-la-desinfeccio-de-laire-i-superficies\/\" \/>\n<meta property=\"og:locale\" content=\"ca_ES\" \/>\n<meta property=\"og:type\" content=\"article\" \/>\n<meta property=\"og:title\" content=\"Mesures post COVID per a la desinfecci\u00f3 de l&#039;aire i superf\u00edcies | Cl\u00ednica Dental Dr. J M\u00aa Alier\" \/>\n<meta property=\"og:description\" content=\"Per a garantir la seguretat dels nostres pacients i professionals [...]\" \/>\n<meta property=\"og:url\" content=\"https:\/\/clinicadentaldralier.es\/ca\/mesures-post-covid-per-a-la-desinfeccio-de-laire-i-superficies\/\" \/>\n<meta property=\"og:site_name\" content=\"Cl\u00ednica Dental Dr. J M\u00aa Alier\" \/>\n<meta property=\"article:modified_time\" content=\"2020-07-13T12:43:35+00:00\" \/>\n<meta name=\"twitter:card\" content=\"summary_large_image\" \/>\n<meta name=\"twitter:label1\" content=\"Temps estimat de lectura\" \/>\n\t<meta name=\"twitter:data1\" content=\"1 minut\" \/>\n<script type=\"application\/ld+json\" class=\"yoast-schema-graph\">{\"@context\":\"https:\/\/schema.org\",\"@graph\":[{\"@type\":\"WebPage\",\"@id\":\"https:\/\/clinicadentaldralier.es\/ca\/mesures-post-covid-per-a-la-desinfeccio-de-laire-i-superficies\/\",\"url\":\"https:\/\/clinicadentaldralier.es\/ca\/mesures-post-covid-per-a-la-desinfeccio-de-laire-i-superficies\/\",\"name\":\"Mesures post COVID per a la desinfecci\u00f3 de l'aire i superf\u00edcies | Cl\u00ednica Dental Dr. J M\u00aa Alier\",\"isPartOf\":{\"@id\":\"https:\/\/clinicadentaldralier.es\/#website\"},\"datePublished\":\"2020-07-13T10:36:08+00:00\",\"dateModified\":\"2020-07-13T12:43:35+00:00\",\"breadcrumb\":{\"@id\":\"https:\/\/clinicadentaldralier.es\/ca\/mesures-post-covid-per-a-la-desinfeccio-de-laire-i-superficies\/#breadcrumb\"},\"inLanguage\":\"ca\",\"potentialAction\":[{\"@type\":\"ReadAction\",\"target\":[\"https:\/\/clinicadentaldralier.es\/ca\/mesures-post-covid-per-a-la-desinfeccio-de-laire-i-superficies\/\"]}]},{\"@type\":\"BreadcrumbList\",\"@id\":\"https:\/\/clinicadentaldralier.es\/ca\/mesures-post-covid-per-a-la-desinfeccio-de-laire-i-superficies\/#breadcrumb\",\"itemListElement\":[{\"@type\":\"ListItem\",\"position\":1,\"name\":\"Portada\",\"item\":\"https:\/\/clinicadentaldralier.es\/ca\/\"},{\"@type\":\"ListItem\",\"position\":2,\"name\":\"Mesures post COVID per a la desinfecci\u00f3 de l&#8217;aire i superf\u00edcies\"}]},{\"@type\":\"WebSite\",\"@id\":\"https:\/\/clinicadentaldralier.es\/#website\",\"url\":\"https:\/\/clinicadentaldralier.es\/\",\"name\":\"Cl\u00ednica Dental Dr. J M\u00aa Alier\",\"description\":\"Cl\u00ednica dental en Deltebre\",\"potentialAction\":[{\"@type\":\"SearchAction\",\"target\":{\"@type\":\"EntryPoint\",\"urlTemplate\":\"https:\/\/clinicadentaldralier.es\/?s={search_term_string}\"},\"query-input\":{\"@type\":\"PropertyValueSpecification\",\"valueRequired\":true,\"valueName\":\"search_term_string\"}}],\"inLanguage\":\"ca\"}]}<\/script>\n<!-- \/ Yoast SEO plugin. -->","yoast_head_json":{"title":"Mesures post COVID per a la desinfecci\u00f3 de l'aire i superf\u00edcies | Cl\u00ednica Dental Dr. J M\u00aa Alier","robots":{"index":"index","follow":"follow","max-snippet":"max-snippet:-1","max-image-preview":"max-image-preview:large","max-video-preview":"max-video-preview:-1"},"canonical":"https:\/\/clinicadentaldralier.es\/ca\/mesures-post-covid-per-a-la-desinfeccio-de-laire-i-superficies\/","og_locale":"ca_ES","og_type":"article","og_title":"Mesures post COVID per a la desinfecci\u00f3 de l'aire i superf\u00edcies | Cl\u00ednica Dental Dr. J M\u00aa Alier","og_description":"Per a garantir la seguretat dels nostres pacients i professionals [...]","og_url":"https:\/\/clinicadentaldralier.es\/ca\/mesures-post-covid-per-a-la-desinfeccio-de-laire-i-superficies\/","og_site_name":"Cl\u00ednica Dental Dr. J M\u00aa Alier","article_modified_time":"2020-07-13T12:43:35+00:00","twitter_card":"summary_large_image","twitter_misc":{"Temps estimat de lectura":"1 minut"},"schema":{"@context":"https:\/\/schema.org","@graph":[{"@type":"WebPage","@id":"https:\/\/clinicadentaldralier.es\/ca\/mesures-post-covid-per-a-la-desinfeccio-de-laire-i-superficies\/","url":"https:\/\/clinicadentaldralier.es\/ca\/mesures-post-covid-per-a-la-desinfeccio-de-laire-i-superficies\/","name":"Mesures post COVID per a la desinfecci\u00f3 de l'aire i superf\u00edcies | Cl\u00ednica Dental Dr. J M\u00aa Alier","isPartOf":{"@id":"https:\/\/clinicadentaldralier.es\/#website"},"datePublished":"2020-07-13T10:36:08+00:00","dateModified":"2020-07-13T12:43:35+00:00","breadcrumb":{"@id":"https:\/\/clinicadentaldralier.es\/ca\/mesures-post-covid-per-a-la-desinfeccio-de-laire-i-superficies\/#breadcrumb"},"inLanguage":"ca","potentialAction":[{"@type":"ReadAction","target":["https:\/\/clinicadentaldralier.es\/ca\/mesures-post-covid-per-a-la-desinfeccio-de-laire-i-superficies\/"]}]},{"@type":"BreadcrumbList","@id":"https:\/\/clinicadentaldralier.es\/ca\/mesures-post-covid-per-a-la-desinfeccio-de-laire-i-superficies\/#breadcrumb","itemListElement":[{"@type":"ListItem","position":1,"name":"Portada","item":"https:\/\/clinicadentaldralier.es\/ca\/"},{"@type":"ListItem","position":2,"name":"Mesures post COVID per a la desinfecci\u00f3 de l&#8217;aire i superf\u00edcies"}]},{"@type":"WebSite","@id":"https:\/\/clinicadentaldralier.es\/#website","url":"https:\/\/clinicadentaldralier.es\/","name":"Cl\u00ednica Dental Dr. J M\u00aa Alier","description":"Cl\u00ednica dental en Deltebre","potentialAction":[{"@type":"SearchAction","target":{"@type":"EntryPoint","urlTemplate":"https:\/\/clinicadentaldralier.es\/?s={search_term_string}"},"query-input":{"@type":"PropertyValueSpecification","valueRequired":true,"valueName":"search_term_string"}}],"inLanguage":"ca"}]}},"_links":{"self":[{"href":"https:\/\/clinicadentaldralier.es\/ca\/wp-json\/wp\/v2\/pages\/765","targetHints":{"allow":["GET"]}}],"collection":[{"href":"https:\/\/clinicadentaldralier.es\/ca\/wp-json\/wp\/v2\/pages"}],"about":[{"href":"https:\/\/clinicadentaldralier.es\/ca\/wp-json\/wp\/v2\/types\/page"}],"author":[{"embeddable":true,"href":"https:\/\/clinicadentaldralier.es\/ca\/wp-json\/wp\/v2\/users\/1"}],"replies":[{"embeddable":true,"href":"https:\/\/clinicadentaldralier.es\/ca\/wp-json\/wp\/v2\/comments?post=765"}],"version-history":[{"count":0,"href":"https:\/\/clinicadentaldralier.es\/ca\/wp-json\/wp\/v2\/pages\/765\/revisions"}],"wp:attachment":[{"href":"https:\/\/clinicadentaldralier.es\/ca\/wp-json\/wp\/v2\/media?parent=765"}],"curies":[{"name":"wp","href":"https:\/\/api.w.org\/{rel}","templated":true}]}}